{"id":487,"date":"2019-02-18T14:48:57","date_gmt":"2019-02-18T13:48:57","guid":{"rendered":"http:\/\/www.gasynet.com\/?page_id=487"},"modified":"2024-12-04T10:01:35","modified_gmt":"2024-12-04T07:01:35","slug":"condition-dutilisation","status":"publish","type":"page","link":"https:\/\/gasynet.com\/?page_id=487","title":{"rendered":"Condition d&#8217;utilisation"},"content":{"rendered":"\r\n<p style=\"text-align: left;\">Les pr\u00e9sentes conditions constituent un contrat juridiquement contraignant entre les utilisateurs et la soci\u00e9t\u00e9 GasyNet. En utilisant le site GasyNet, vous vous engagez \u00e0 vous conformer aux pr\u00e9sentes.<\/p>\r\n\r\n\r\n\r\n<p>Conditions et \u00e0 toutes autres conditions qui r\u00e9gissent les produits ou services propos\u00e9s par Gasynet. Les pr\u00e9sentes conditions s\u2019appliquent, que vous consultiez le site Gasynet par le biais d\u2019un ordinateur personnel, d\u2019un appareil mobile ou de tout autre syst\u00e8me ou dispositif connu aujourd\u2019hui ou mis au point ou d\u00e9couvert \u00e0 l\u2019avenir et que vous y acc\u00e9diez en tant que membre ou autre utilisateur.<\/p>\r\n","protected":false},"excerpt":{"rendered":"<p>Les pr\u00e9sentes conditions constituent un contrat juridiquement contraignant entre les utilisateurs et la soci\u00e9t\u00e9 GasyNet. En utilisant le site GasyNet, vous vous engagez \u00e0 vous conformer aux pr\u00e9sentes. Conditions et \u00e0 toutes autres conditions qui r\u00e9gissent les produits ou services propos\u00e9s par Gasynet. Les pr\u00e9sentes conditions s\u2019appliquent, que vous consultiez le site Gasynet par le [&hellip;]<\/p>\n","protected":false},"author":4,"featured_media":0,"parent":0,"menu_order":0,"comment_status":"closed","ping_status":"closed","template":"template-cu.php","meta":{"footnotes":""},"_links":{"self":[{"href":"https:\/\/gasynet.com\/index.php?rest_route=\/wp\/v2\/pages\/487"}],"collection":[{"href":"https:\/\/gasynet.com\/index.php?rest_route=\/wp\/v2\/pages"}],"about":[{"href":"https:\/\/gasynet.com\/index.php?rest_route=\/wp\/v2\/types\/page"}],"author":[{"embeddable":true,"href":"https:\/\/gasynet.com\/index.php?rest_route=\/wp\/v2\/users\/4"}],"replies":[{"embeddable":true,"href":"https:\/\/gasynet.com\/index.php?rest_route=%2Fwp%2Fv2%2Fcomments&post=487"}],"version-history":[{"count":1,"href":"https:\/\/gasynet.com\/index.php?rest_route=\/wp\/v2\/pages\/487\/revisions"}],"predecessor-version":[{"id":5416,"href":"https:\/\/gasynet.com\/index.php?rest_route=\/wp\/v2\/pages\/487\/revisions\/5416"}],"wp:attachment":[{"href":"https:\/\/gasynet.com\/index.php?rest_route=%2Fwp%2Fv2%2Fmedia&parent=487"}],"curies":[{"name":"wp","href":"https:\/\/api.w.org\/{rel}","templated":true}]}}